{"id":228,"date":"2020-12-01T11:57:45","date_gmt":"2020-12-01T11:57:45","guid":{"rendered":"https:\/\/www.sousateuszii.org\/?page_id=228"},"modified":"2020-12-10T13:47:08","modified_gmt":"2020-12-10T13:47:08","slug":"ressources","status":"publish","type":"page","link":"https:\/\/www.sousateuszii.org\/fr\/ressources\/","title":{"rendered":"Ressources"},"content":{"rendered":"","protected":false},"excerpt":{"rendered":"<p>D\u00e9couvrir les dauphins \u00e0 bosse de l\u2019Atlantique gr\u00e2ce aux documents du CCAHD, aux publications scientifiques et au mat\u00e9riel \u00e9ducatif t\u00e9l\u00e9chargeable.<\/p>\n","protected":false},"author":1,"featured_media":1533,"parent":0,"menu_order":10,"comment_status":"closed","ping_status":"closed","template":"template-resources.php","meta":{"_acf_changed":false,"give_campaign_id":0,"inline_featured_image":false,"_monsterinsights_skip_tracking":false,"_monsterinsights_sitenote_active":false,"_monsterinsights_sitenote_note":"","_monsterinsights_sitenote_category":0,"_uf_show_specific_survey":0,"_uf_disable_surveys":false,"footnotes":""},"class_list":["post-228","page","type-page","status-publish","has-post-thumbnail","hentry"],"acf":[],"aioseo_notices":[],"campaignId":"","_links":{"self":[{"href":"https:\/\/www.sousateuszii.org\/fr\/wp-json\/wp\/v2\/pages\/228","targetHints":{"allow":["GET"]}}],"collection":[{"href":"https:\/\/www.sousateuszii.org\/fr\/wp-json\/wp\/v2\/pages"}],"about":[{"href":"https:\/\/www.sousateuszii.org\/fr\/wp-json\/wp\/v2\/types\/page"}],"author":[{"embeddable":true,"href":"https:\/\/www.sousateuszii.org\/fr\/wp-json\/wp\/v2\/users\/1"}],"replies":[{"embeddable":true,"href":"https:\/\/www.sousateuszii.org\/fr\/wp-json\/wp\/v2\/comments?post=228"}],"version-history":[{"count":5,"href":"https:\/\/www.sousateuszii.org\/fr\/wp-json\/wp\/v2\/pages\/228\/revisions"}],"predecessor-version":[{"id":4367,"href":"https:\/\/www.sousateuszii.org\/fr\/wp-json\/wp\/v2\/pages\/228\/revisions\/4367"}],"wp:featuredmedia":[{"embeddable":true,"href":"https:\/\/www.sousateuszii.org\/fr\/wp-json\/wp\/v2\/media\/1533"}],"wp:attachment":[{"href":"https:\/\/www.sousateuszii.org\/fr\/wp-json\/wp\/v2\/media?parent=228"}],"curies":[{"name":"wp","href":"https:\/\/api.w.org\/{rel}","templated":true}]}}